{"id":28636,"date":"2025-08-22T07:33:01","date_gmt":"2025-08-22T05:33:01","guid":{"rendered":"https:\/\/mesnica.gospodarstvo-ferbezar.com\/?page_id=28636"},"modified":"2025-08-22T07:41:38","modified_gmt":"2025-08-22T05:41:38","slug":"contact","status":"publish","type":"page","link":"https:\/\/mesnica.gospodarstvo-ferbezar.com\/en\/contact\/","title":{"rendered":"CONTACT"},"content":{"rendered":"\t\t<div data-elementor-type=\"wp-page\" data-elementor-id=\"28636\" class=\"elementor elementor-28636 elementor-4439\">\n\t\t\t\t<div class=\"elementor-element elementor-element-68d0e93 wd-section-stretch-content e-flex e-con-boxed e-con e-parent\" data-id=\"68d0e93\" data-element_type=\"container\">\n\t\t\t\t\t<div class=\"e-con-inner\">\n\t\t\t\t<div class=\"elementor-element elementor-element-8e103a0 wd-width-100 elementor-widget elementor-widget-wd_open_street_map\" data-id=\"8e103a0\" data-element_type=\"widget\" data-settings=\"{&quot;_animation&quot;:&quot;none&quot;}\" data-widget_type=\"wd_open_street_map.default\">\n\t\t\t\t<div class=\"elementor-widget-container\">\n\t\t\t\t\t\t\t<div class=\"wd-osm-map-container wd-map-container map-container-with-content\" style=\"--wd-justify-content: left; --wd-align-items: start;\">\n\t\t\t<div id=\"wd-osm-map-8e103a0\" class=\"wd-osm-map-wrapper wd-map-wrapper\" data-settings=\"{&quot;zoom&quot;:15,&quot;iconUrl&quot;:&quot;https:\\\/\\\/mesnica.gospodarstvo-ferbezar.com\\\/wp-content\\\/themes\\\/woodmart\\\/images\\\/icons\\\/marker-icon.png&quot;,&quot;scrollWheelZoom&quot;:&quot;no&quot;,&quot;zoomControl&quot;:&quot;yes&quot;,&quot;dragging&quot;:&quot;yes&quot;,&quot;geoapify_tile&quot;:&quot;osm-carto&quot;,&quot;markers&quot;:[{&quot;marker&quot;:{&quot;_id&quot;:&quot;da89d37&quot;,&quot;marker_coords&quot;:&quot;45.143628456167555, 18.89478032651155&quot;,&quot;marker_title&quot;:&quot;OPG FERBE\\u017dAR&quot;,&quot;marker_description&quot;:&quot;&quot;,&quot;marker_behavior&quot;:&quot;popup&quot;,&quot;show_button&quot;:&quot;no&quot;,&quot;button_text&quot;:null,&quot;button_url&quot;:null,&quot;button_url_target&quot;:null,&quot;image&quot;:{&quot;url&quot;:&quot;&quot;,&quot;id&quot;:&quot;&quot;,&quot;size&quot;:&quot;&quot;},&quot;image_size&quot;:[],&quot;image_custom_dimension&quot;:null},&quot;lat&quot;:&quot;45.143628456167555&quot;,&quot;lng&quot;:&quot; 18.89478032651155&quot;}],&quot;center&quot;:&quot;45.143628456168,18.894780326512&quot;,&quot;init_type&quot;:&quot;page_load&quot;}\"><\/div>\n\n\t\t\t\n\t\t\t\n\t\t\t\t\t\t\t<div class=\"wd-osm-map-content-wrap wd-map-content-wrap wd-fill\">\n\t\t\t\t\t<div class=\"wd-osm-map-content wd-map-content wd-entry-content\">\n\t\t\t\t\t\t\t\t\t\t\t\t\t<p><span class=\"wd-list-content list-content\">OPG FERBE\u017dAR<br \/>R.Bo\u0161kovi\u0107a 7, 32252 Otok, Hrvatska<br \/><\/span><\/p>\n<p><span class=\"wd-list-content list-content\">Tel: 098 952 9539<br \/><\/span><span class=\"wd-list-content list-content\">Tel: 099 206 7177<br \/><\/span><span class=\"wd-list-content list-content\"><br \/>Mail:<br \/><\/span><a href=\"mailto:vlado.ferbezar@gmail.com\">vlado.ferbezar@gmail.com<\/a><br \/><a href=\"mailto:ferbezarmaria@gmail.com\">ferbezarmaria@gmail.com<\/a><\/p>\n<div class=\"footer-column footer-column-2 col-12 col-sm-4 col-lg-3\">\n<div id=\"text-3\" class=\"wd-widget widget footer-widget widget_text\">\u00a0<\/div>\n<\/div>\n\t\t\t\t\t\t\t\t\t\t\t<\/div>\n\t\t\t\t<\/div>\n\t\t\t\t\t<\/div>\n\t\t\t\t\t\t<\/div>\n\t\t\t\t<\/div>\n\t\t\t\t\t<\/div>\n\t\t\t\t<\/div>\n\t\t<div class=\"wd-negative-gap elementor-element elementor-element-cb322d0 e-flex e-con-boxed e-con e-parent\" data-id=\"cb322d0\" data-element_type=\"container\">\n\t\t\t\t\t<div class=\"e-con-inner\">\n\t\t<div class=\"elementor-element elementor-element-1f0abe4 e-con-full e-flex e-con e-child\" data-id=\"1f0abe4\" data-element_type=\"container\">\n\t\t\t\t<div class=\"elementor-element elementor-element-0bf0820 elementor-widget elementor-widget-wd_image_or_svg\" data-id=\"0bf0820\" data-element_type=\"widget\" data-widget_type=\"wd_image_or_svg.default\">\n\t\t\t\t<div class=\"elementor-widget-container\">\n\t\t\t\t\t\n\t\t<div class=\"wd-image text-center\">\n\t\t\t\t\t\t\t\t<img loading=\"lazy\" decoding=\"async\" width=\"150\" height=\"150\" src=\"https:\/\/mesnica.gospodarstvo-ferbezar.com\/wp-content\/uploads\/2021\/09\/logo_200-150x150.png\" class=\"attachment-thumbnail size-thumbnail\" alt=\"\" \/>\t\t\t\t\t<\/div>\n\n\t\t\t\t\t\t<\/div>\n\t\t\t\t<\/div>\n\t\t\t\t<div class=\"elementor-element elementor-element-696cec5 color-scheme-inherit text-left elementor-invisible elementor-widget elementor-widget-text-editor\" data-id=\"696cec5\" data-element_type=\"widget\" data-settings=\"{&quot;_animation&quot;:&quot;fadeInLeft&quot;}\" data-widget_type=\"text-editor.default\">\n\t\t\t\t<div class=\"elementor-widget-container\">\n\t\t\t\t\t\t\t\t\t<p><span class=\"wd-list-content list-content\">OPG FERBE\u017dAR<br \/>R.Bo\u0161kovi\u0107a 7, 32252 Otok, Hrvatska<br \/><\/span><\/p><p><span class=\"wd-list-content list-content\">Tel: 098 952 9539<br \/><\/span><span class=\"wd-list-content list-content\">Tel: 099 206 7177<br \/><\/span><span class=\"wd-list-content list-content\"><br \/>Mail:<br \/><\/span><a href=\"mailto:vlado.ferbezar@gmail.com\">vlado.ferbezar@gmail.com<\/a><br \/><a href=\"mailto:ferbezarmaria@gmail.com\">ferbezarmaria@gmail.com<\/a><\/p><div class=\"footer-column footer-column-2 col-12 col-sm-4 col-lg-3\"><div id=\"text-3\" class=\"wd-widget widget footer-widget widget_text\">\u00a0<\/div><\/div>\t\t\t\t\t\t\t\t<\/div>\n\t\t\t\t<\/div>\n\t\t\t\t<\/div>\n\t\t<div class=\"elementor-element elementor-element-789122a e-con-full e-flex e-con e-child\" data-id=\"789122a\" data-element_type=\"container\">\n\t\t\t\t<div class=\"elementor-element elementor-element-775ddc4 wd-width-100 elementor-widget elementor-widget-wd_title\" data-id=\"775ddc4\" data-element_type=\"widget\" data-widget_type=\"wd_title.default\">\n\t\t\t\t<div class=\"elementor-widget-container\">\n\t\t\t\t\t\t\t<div class=\"title-wrapper wd-set-mb reset-last-child wd-title-color-default wd-title-style-default wd-title-size-default text-left\">\n\n\t\t\t\n\t\t\t<div class=\"liner-continer\">\n\t\t\t\t<h4 class=\"woodmart-title-container title wd-fontsize-l\">CONTACT US FOR ANY QUESTIONS<\/h4> \n\t\t\t\t\t\t\t<\/div>\n\n\t\t\t\t\t<\/div>\n\t\t\t\t\t\t<\/div>\n\t\t\t\t<\/div>\n\t\t\t\t<div class=\"elementor-element elementor-element-3c67846 wd-cf7 elementor-invisible elementor-widget elementor-widget-wd_contact_form_7\" data-id=\"3c67846\" data-element_type=\"widget\" data-settings=\"{&quot;_animation&quot;:&quot;fadeInLeft&quot;}\" data-widget_type=\"wd_contact_form_7.default\">\n\t\t\t\t<div class=\"elementor-widget-container\">\n\t\t\t\t\t\n<div class=\"wpcf7 no-js\" id=\"wpcf7-f16785-o1\" lang=\"hr\" dir=\"ltr\" data-wpcf7-id=\"16785\">\n<div class=\"screen-reader-response\"><p role=\"status\" aria-live=\"polite\" aria-atomic=\"true\"><\/p> <ul><\/ul><\/div>\n<form action=\"\/en\/wp-json\/wp\/v2\/pages\/28636#wpcf7-f16785-o1\" method=\"post\" class=\"wpcf7-form init\" aria-label=\"Kontakt obrazac\" novalidate=\"novalidate\" data-status=\"init\">\n<fieldset class=\"hidden-fields-container\"><input type=\"hidden\" name=\"_wpcf7\" value=\"16785\" \/><input type=\"hidden\" name=\"_wpcf7_version\" value=\"6.1.4\" \/><input type=\"hidden\" name=\"_wpcf7_locale\" value=\"hr\" \/><input type=\"hidden\" name=\"_wpcf7_unit_tag\" value=\"wpcf7-f16785-o1\" \/><input type=\"hidden\" name=\"_wpcf7_container_post\" value=\"0\" \/><input type=\"hidden\" name=\"_wpcf7_posted_data_hash\" value=\"\" \/>\n<\/fieldset>\n<div class=\"row\">\n\t<p class=\"col-md-6\"><label>Name and surname<\/label><span class=\"wpcf7-form-control-wrap\" data-name=\"your-name\"><input size=\"40\" maxlength=\"400\" class=\"wpcf7-form-control wpcf7-text wpcf7-validates-as-required\" aria-required=\"true\" aria-invalid=\"false\" value=\"\" type=\"text\" name=\"your-name\" \/><\/span>\n\t<\/p>\n\t<p class=\"col-md-6\"><label>E-mail<\/label><span class=\"wpcf7-form-control-wrap\" data-name=\"your-email\"><input size=\"40\" maxlength=\"400\" class=\"wpcf7-form-control wpcf7-email wpcf7-validates-as-required wpcf7-text wpcf7-validates-as-email\" aria-required=\"true\" aria-invalid=\"false\" value=\"\" type=\"email\" name=\"your-email\" \/><\/span>\n\t<\/p>\n<\/div>\n<div class=\"row\">\n\t<p class=\"col-md-6\"><label>Phone number<\/label><span class=\"wpcf7-form-control-wrap\" data-name=\"tel-767\"><input size=\"40\" maxlength=\"400\" class=\"wpcf7-form-control wpcf7-tel wpcf7-text wpcf7-validates-as-tel\" aria-invalid=\"false\" value=\"\" type=\"tel\" name=\"tel-767\" \/><\/span>\n\t<\/p>\n\t<p class=\"col-md-6\"><label>Company<\/label><span class=\"wpcf7-form-control-wrap\" data-name=\"text-1\"><input size=\"40\" maxlength=\"400\" class=\"wpcf7-form-control wpcf7-text\" aria-invalid=\"false\" value=\"\" type=\"text\" name=\"text-1\" \/><\/span>\n\t<\/p>\n<\/div>\n<p><label>Message<\/label><span class=\"wpcf7-form-control-wrap\" data-name=\"your-message\"><textarea cols=\"40\" rows=\"10\" maxlength=\"2000\" class=\"wpcf7-form-control wpcf7-textarea\" aria-invalid=\"false\" name=\"your-message\"><\/textarea><\/span>\n<\/p>\n<p><input class=\"wpcf7-form-control wpcf7-submit has-spinner btn-color-black\" type=\"submit\" value=\"Send\" \/>\n<\/p><div class=\"wpcf7-response-output\" aria-hidden=\"true\"><\/div>\n<\/form>\n<\/div>\n\t\t\t\t<\/div>\n\t\t\t\t<\/div>\n\t\t\t\t<\/div>\n\t\t\t\t\t<\/div>\n\t\t\t\t<\/div>\n\t\t\t\t<\/div>\n\t\t","protected":false},"excerpt":{"rendered":"<p>OPG FERBE\u017dARR.Bo\u0161kovi\u0107a 7, 32252 Otok, Hrvatska Tel: 098 952 9539Tel: 099 206 7177 Mail:vlado.ferbezar@gmail.comferbezarmaria@gmail.com \u00a0 OPG FERBE\u017dARR.Bo\u0161kovi\u0107a 7, 32252 Otok,<\/p>\n","protected":false},"author":1,"featured_media":0,"parent":0,"menu_order":11,"comment_status":"closed","ping_status":"closed","template":"","meta":{"footnotes":""},"class_list":["post-28636","page","type-page","status-publish","hentry"],"yoast_head":"<!-- This site is optimized with the Yoast SEO plugin v27.2 - https:\/\/yoast.com\/product\/yoast-seo-wordpress\/ -->\n<title>CONTACT - OPG FERBE\u017dAR<\/title>\n<meta name=\"robots\" content=\"index, follow, max-snippet:-1, max-image-preview:large, max-video-preview:-1\" \/>\n<link rel=\"canonical\" href=\"https:\/\/mesnica.gospodarstvo-ferbezar.com\/en\/contact\/\" \/>\n<meta property=\"og:locale\" content=\"en_US\" \/>\n<meta property=\"og:type\" content=\"article\" \/>\n<meta property=\"og:title\" content=\"CONTACT - OPG FERBE\u017dAR\" \/>\n<meta property=\"og:description\" content=\"OPG FERBE\u017dARR.Bo\u0161kovi\u0107a 7, 32252 Otok, Hrvatska Tel: 098 952 9539Tel: 099 206 7177 Mail:vlado.ferbezar@gmail.comferbezarmaria@gmail.com \u00a0 OPG FERBE\u017dARR.Bo\u0161kovi\u0107a 7, 32252 Otok,\" \/>\n<meta property=\"og:url\" content=\"https:\/\/mesnica.gospodarstvo-ferbezar.com\/en\/contact\/\" \/>\n<meta property=\"og:site_name\" content=\"OPG FERBE\u017dAR\" \/>\n<meta property=\"article:modified_time\" content=\"2025-08-22T05:41:38+00:00\" \/>\n<meta property=\"og:image\" content=\"https:\/\/mesnica.gospodarstvo-ferbezar.com\/wp-content\/uploads\/2021\/09\/logo_200-150x150.png\" \/>\n<meta name=\"twitter:card\" content=\"summary_large_image\" \/>\n<script type=\"application\/ld+json\" class=\"yoast-schema-graph\">{\"@context\":\"https:\/\/schema.org\",\"@graph\":[{\"@type\":\"WebPage\",\"@id\":\"https:\/\/mesnica.gospodarstvo-ferbezar.com\/en\/contact\/\",\"url\":\"https:\/\/mesnica.gospodarstvo-ferbezar.com\/en\/contact\/\",\"name\":\"CONTACT - OPG FERBE\u017dAR\",\"isPartOf\":{\"@id\":\"https:\/\/mesnica.gospodarstvo-ferbezar.com\/en\/#website\"},\"primaryImageOfPage\":{\"@id\":\"https:\/\/mesnica.gospodarstvo-ferbezar.com\/en\/contact\/#primaryimage\"},\"image\":{\"@id\":\"https:\/\/mesnica.gospodarstvo-ferbezar.com\/en\/contact\/#primaryimage\"},\"thumbnailUrl\":\"https:\/\/mesnica.gospodarstvo-ferbezar.com\/wp-content\/uploads\/2021\/09\/logo_200-150x150.png\",\"datePublished\":\"2025-08-22T05:33:01+00:00\",\"dateModified\":\"2025-08-22T05:41:38+00:00\",\"breadcrumb\":{\"@id\":\"https:\/\/mesnica.gospodarstvo-ferbezar.com\/en\/contact\/#breadcrumb\"},\"inLanguage\":\"en-US\",\"potentialAction\":[{\"@type\":\"ReadAction\",\"target\":[\"https:\/\/mesnica.gospodarstvo-ferbezar.com\/en\/contact\/\"]}]},{\"@type\":\"ImageObject\",\"inLanguage\":\"en-US\",\"@id\":\"https:\/\/mesnica.gospodarstvo-ferbezar.com\/en\/contact\/#primaryimage\",\"url\":\"https:\/\/mesnica.gospodarstvo-ferbezar.com\/wp-content\/uploads\/2021\/09\/logo_200-150x150.png\",\"contentUrl\":\"https:\/\/mesnica.gospodarstvo-ferbezar.com\/wp-content\/uploads\/2021\/09\/logo_200-150x150.png\"},{\"@type\":\"BreadcrumbList\",\"@id\":\"https:\/\/mesnica.gospodarstvo-ferbezar.com\/en\/contact\/#breadcrumb\",\"itemListElement\":[{\"@type\":\"ListItem\",\"position\":1,\"name\":\"Home\",\"item\":\"https:\/\/mesnica.gospodarstvo-ferbezar.com\/en\/\"},{\"@type\":\"ListItem\",\"position\":2,\"name\":\"CONTACT\"}]},{\"@type\":\"WebSite\",\"@id\":\"https:\/\/mesnica.gospodarstvo-ferbezar.com\/en\/#website\",\"url\":\"https:\/\/mesnica.gospodarstvo-ferbezar.com\/en\/\",\"name\":\"OPG FERBE\u017dAR\",\"description\":\"OPG, gospodarstvo, uzgoj, doma\u0107a hrana\",\"publisher\":{\"@id\":\"https:\/\/mesnica.gospodarstvo-ferbezar.com\/en\/#organization\"},\"potentialAction\":[{\"@type\":\"SearchAction\",\"target\":{\"@type\":\"EntryPoint\",\"urlTemplate\":\"https:\/\/mesnica.gospodarstvo-ferbezar.com\/en\/?s={search_term_string}\"},\"query-input\":{\"@type\":\"PropertyValueSpecification\",\"valueRequired\":true,\"valueName\":\"search_term_string\"}}],\"inLanguage\":\"en-US\"},{\"@type\":\"Organization\",\"@id\":\"https:\/\/mesnica.gospodarstvo-ferbezar.com\/en\/#organization\",\"name\":\"OPG FERBE\u017dAR\",\"url\":\"https:\/\/mesnica.gospodarstvo-ferbezar.com\/en\/\",\"logo\":{\"@type\":\"ImageObject\",\"inLanguage\":\"en-US\",\"@id\":\"https:\/\/mesnica.gospodarstvo-ferbezar.com\/en\/#\/schema\/logo\/image\/\",\"url\":\"https:\/\/mesnica.gospodarstvo-ferbezar.com\/wp-content\/uploads\/2021\/09\/logo_200.png\",\"contentUrl\":\"https:\/\/mesnica.gospodarstvo-ferbezar.com\/wp-content\/uploads\/2021\/09\/logo_200.png\",\"width\":231,\"height\":200,\"caption\":\"OPG FERBE\u017dAR\"},\"image\":{\"@id\":\"https:\/\/mesnica.gospodarstvo-ferbezar.com\/en\/#\/schema\/logo\/image\/\"}}]}<\/script>\n<!-- \/ Yoast SEO plugin. -->","yoast_head_json":{"title":"CONTACT - OPG FERBE\u017dAR","robots":{"index":"index","follow":"follow","max-snippet":"max-snippet:-1","max-image-preview":"max-image-preview:large","max-video-preview":"max-video-preview:-1"},"canonical":"https:\/\/mesnica.gospodarstvo-ferbezar.com\/en\/contact\/","og_locale":"en_US","og_type":"article","og_title":"CONTACT - OPG FERBE\u017dAR","og_description":"OPG FERBE\u017dARR.Bo\u0161kovi\u0107a 7, 32252 Otok, Hrvatska Tel: 098 952 9539Tel: 099 206 7177 Mail:vlado.ferbezar@gmail.comferbezarmaria@gmail.com \u00a0 OPG FERBE\u017dARR.Bo\u0161kovi\u0107a 7, 32252 Otok,","og_url":"https:\/\/mesnica.gospodarstvo-ferbezar.com\/en\/contact\/","og_site_name":"OPG FERBE\u017dAR","article_modified_time":"2025-08-22T05:41:38+00:00","og_image":[{"url":"https:\/\/mesnica.gospodarstvo-ferbezar.com\/wp-content\/uploads\/2021\/09\/logo_200-150x150.png","type":"","width":"","height":""}],"twitter_card":"summary_large_image","schema":{"@context":"https:\/\/schema.org","@graph":[{"@type":"WebPage","@id":"https:\/\/mesnica.gospodarstvo-ferbezar.com\/en\/contact\/","url":"https:\/\/mesnica.gospodarstvo-ferbezar.com\/en\/contact\/","name":"CONTACT - OPG FERBE\u017dAR","isPartOf":{"@id":"https:\/\/mesnica.gospodarstvo-ferbezar.com\/en\/#website"},"primaryImageOfPage":{"@id":"https:\/\/mesnica.gospodarstvo-ferbezar.com\/en\/contact\/#primaryimage"},"image":{"@id":"https:\/\/mesnica.gospodarstvo-ferbezar.com\/en\/contact\/#primaryimage"},"thumbnailUrl":"https:\/\/mesnica.gospodarstvo-ferbezar.com\/wp-content\/uploads\/2021\/09\/logo_200-150x150.png","datePublished":"2025-08-22T05:33:01+00:00","dateModified":"2025-08-22T05:41:38+00:00","breadcrumb":{"@id":"https:\/\/mesnica.gospodarstvo-ferbezar.com\/en\/contact\/#breadcrumb"},"inLanguage":"en-US","potentialAction":[{"@type":"ReadAction","target":["https:\/\/mesnica.gospodarstvo-ferbezar.com\/en\/contact\/"]}]},{"@type":"ImageObject","inLanguage":"en-US","@id":"https:\/\/mesnica.gospodarstvo-ferbezar.com\/en\/contact\/#primaryimage","url":"https:\/\/mesnica.gospodarstvo-ferbezar.com\/wp-content\/uploads\/2021\/09\/logo_200-150x150.png","contentUrl":"https:\/\/mesnica.gospodarstvo-ferbezar.com\/wp-content\/uploads\/2021\/09\/logo_200-150x150.png"},{"@type":"BreadcrumbList","@id":"https:\/\/mesnica.gospodarstvo-ferbezar.com\/en\/contact\/#breadcrumb","itemListElement":[{"@type":"ListItem","position":1,"name":"Home","item":"https:\/\/mesnica.gospodarstvo-ferbezar.com\/en\/"},{"@type":"ListItem","position":2,"name":"CONTACT"}]},{"@type":"WebSite","@id":"https:\/\/mesnica.gospodarstvo-ferbezar.com\/en\/#website","url":"https:\/\/mesnica.gospodarstvo-ferbezar.com\/en\/","name":"OPG FERBE\u017dAR","description":"OPG, gospodarstvo, uzgoj, doma\u0107a hrana","publisher":{"@id":"https:\/\/mesnica.gospodarstvo-ferbezar.com\/en\/#organization"},"potentialAction":[{"@type":"SearchAction","target":{"@type":"EntryPoint","urlTemplate":"https:\/\/mesnica.gospodarstvo-ferbezar.com\/en\/?s={search_term_string}"},"query-input":{"@type":"PropertyValueSpecification","valueRequired":true,"valueName":"search_term_string"}}],"inLanguage":"en-US"},{"@type":"Organization","@id":"https:\/\/mesnica.gospodarstvo-ferbezar.com\/en\/#organization","name":"OPG FERBE\u017dAR","url":"https:\/\/mesnica.gospodarstvo-ferbezar.com\/en\/","logo":{"@type":"ImageObject","inLanguage":"en-US","@id":"https:\/\/mesnica.gospodarstvo-ferbezar.com\/en\/#\/schema\/logo\/image\/","url":"https:\/\/mesnica.gospodarstvo-ferbezar.com\/wp-content\/uploads\/2021\/09\/logo_200.png","contentUrl":"https:\/\/mesnica.gospodarstvo-ferbezar.com\/wp-content\/uploads\/2021\/09\/logo_200.png","width":231,"height":200,"caption":"OPG FERBE\u017dAR"},"image":{"@id":"https:\/\/mesnica.gospodarstvo-ferbezar.com\/en\/#\/schema\/logo\/image\/"}}]}},"_links":{"self":[{"href":"https:\/\/mesnica.gospodarstvo-ferbezar.com\/en\/wp-json\/wp\/v2\/pages\/28636","targetHints":{"allow":["GET"]}}],"collection":[{"href":"https:\/\/mesnica.gospodarstvo-ferbezar.com\/en\/wp-json\/wp\/v2\/pages"}],"about":[{"href":"https:\/\/mesnica.gospodarstvo-ferbezar.com\/en\/wp-json\/wp\/v2\/types\/page"}],"author":[{"embeddable":true,"href":"https:\/\/mesnica.gospodarstvo-ferbezar.com\/en\/wp-json\/wp\/v2\/users\/1"}],"replies":[{"embeddable":true,"href":"https:\/\/mesnica.gospodarstvo-ferbezar.com\/en\/wp-json\/wp\/v2\/comments?post=28636"}],"version-history":[{"count":5,"href":"https:\/\/mesnica.gospodarstvo-ferbezar.com\/en\/wp-json\/wp\/v2\/pages\/28636\/revisions"}],"predecessor-version":[{"id":28647,"href":"https:\/\/mesnica.gospodarstvo-ferbezar.com\/en\/wp-json\/wp\/v2\/pages\/28636\/revisions\/28647"}],"wp:attachment":[{"href":"https:\/\/mesnica.gospodarstvo-ferbezar.com\/en\/wp-json\/wp\/v2\/media?parent=28636"}],"curies":[{"name":"wp","href":"https:\/\/api.w.org\/{rel}","templated":true}]}}