{"id":28359,"date":"2025-08-09T18:08:56","date_gmt":"2025-08-09T16:08:56","guid":{"rendered":"https:\/\/mesnica.gospodarstvo-ferbezar.com\/product\/trockenwurst\/"},"modified":"2026-02-23T13:13:20","modified_gmt":"2026-02-23T11:13:20","slug":"trockenwurst","status":"publish","type":"product","link":"https:\/\/mesnica.gospodarstvo-ferbezar.com\/de\/produkt\/trockenwurst\/","title":{"rendered":"Trockenwurst"},"content":{"rendered":"<p>Wurst \u2013 Die Einwohner Slawoniens und der Baranja sind traditionell als gro\u00dfe Liebhaber und Kenner von Wurst bekannt. Die Grundzutaten der Wurst sind haupts\u00e4chlich Schweinefleisch, Gew\u00fcrze wie Salz, Knoblauch und Pfeffer, die Geschmack verleihen und die Entwicklung von Mikroorganismen verhindern. Ausgew\u00e4hlte gemahlene s\u00fc\u00dfe oder scharfe Paprika oder beide Gew\u00fcrze werden hinzugef\u00fcgt. Unterschiede bestehen im Geschmack und in der Zugabe von Gew\u00fcrzen und Fleischsorten.<\/p>\n","protected":false},"excerpt":{"rendered":"<p>Wurst \u2013 Die Einwohner Slawoniens und der Baranja sind traditionell als gro\u00dfe Liebhaber und Kenner von Wurst bekannt. Die Grundzutaten<\/p>\n","protected":false},"featured_media":28020,"template":"","meta":[],"product_brand":[],"product_cat":[407,409],"product_tag":[],"class_list":{"0":"post-28359","1":"product","2":"type-product","3":"status-publish","4":"has-post-thumbnail","6":"product_cat-wuerstchen","7":"product_cat-slawonische-wurst","9":"first","10":"instock","11":"shipping-taxable","12":"purchasable","13":"product-type-simple"},"yoast_head":"<!-- This site is optimized with the Yoast SEO plugin v27.2 - https:\/\/yoast.com\/product\/yoast-seo-wordpress\/ -->\n<title>Trockenwurst - OPG FERBE\u017dAR<\/title>\n<meta name=\"robots\" content=\"index, follow, max-snippet:-1, max-image-preview:large, max-video-preview:-1\" \/>\n<link rel=\"canonical\" href=\"https:\/\/mesnica.gospodarstvo-ferbezar.com\/de\/produkt\/trockenwurst\/\" \/>\n<meta property=\"og:locale\" content=\"de_DE\" \/>\n<meta property=\"og:type\" content=\"article\" \/>\n<meta property=\"og:title\" content=\"Trockenwurst - OPG FERBE\u017dAR\" \/>\n<meta property=\"og:description\" content=\"Wurst \u2013 Die Einwohner Slawoniens und der Baranja sind traditionell als gro\u00dfe Liebhaber und Kenner von Wurst bekannt. Die Grundzutaten\" \/>\n<meta property=\"og:url\" content=\"https:\/\/mesnica.gospodarstvo-ferbezar.com\/de\/produkt\/trockenwurst\/\" \/>\n<meta property=\"og:site_name\" content=\"OPG FERBE\u017dAR\" \/>\n<meta property=\"article:modified_time\" content=\"2026-02-23T11:13:20+00:00\" \/>\n<meta property=\"og:image\" content=\"https:\/\/mesnica.gospodarstvo-ferbezar.com\/wp-content\/uploads\/2025\/08\/slavonska-kobasica1-1030x684-1.jpg\" \/>\n\t<meta property=\"og:image:width\" content=\"1030\" \/>\n\t<meta property=\"og:image:height\" content=\"684\" \/>\n\t<meta property=\"og:image:type\" content=\"image\/jpeg\" \/>\n<meta name=\"twitter:card\" content=\"summary_large_image\" \/>\n<meta name=\"twitter:label1\" content=\"Gesch\u00e4tzte Lesezeit\" \/>\n\t<meta name=\"twitter:data1\" content=\"1\u00a0Minute\" \/>\n<script type=\"application\/ld+json\" class=\"yoast-schema-graph\">{\"@context\":\"https:\/\/schema.org\",\"@graph\":[{\"@type\":\"WebPage\",\"@id\":\"https:\/\/mesnica.gospodarstvo-ferbezar.com\/de\/produkt\/trockenwurst\/\",\"url\":\"https:\/\/mesnica.gospodarstvo-ferbezar.com\/de\/produkt\/trockenwurst\/\",\"name\":\"Trockenwurst - OPG FERBE\u017dAR\",\"isPartOf\":{\"@id\":\"https:\/\/mesnica.gospodarstvo-ferbezar.com\/de\/#website\"},\"primaryImageOfPage\":{\"@id\":\"https:\/\/mesnica.gospodarstvo-ferbezar.com\/de\/produkt\/trockenwurst\/#primaryimage\"},\"image\":{\"@id\":\"https:\/\/mesnica.gospodarstvo-ferbezar.com\/de\/produkt\/trockenwurst\/#primaryimage\"},\"thumbnailUrl\":\"https:\/\/mesnica.gospodarstvo-ferbezar.com\/wp-content\/uploads\/2025\/08\/slavonska-kobasica1-1030x684-1.jpg\",\"datePublished\":\"2025-08-09T16:08:56+00:00\",\"dateModified\":\"2026-02-23T11:13:20+00:00\",\"breadcrumb\":{\"@id\":\"https:\/\/mesnica.gospodarstvo-ferbezar.com\/de\/produkt\/trockenwurst\/#breadcrumb\"},\"inLanguage\":\"de\",\"potentialAction\":[{\"@type\":\"ReadAction\",\"target\":[\"https:\/\/mesnica.gospodarstvo-ferbezar.com\/de\/produkt\/trockenwurst\/\"]}]},{\"@type\":\"ImageObject\",\"inLanguage\":\"de\",\"@id\":\"https:\/\/mesnica.gospodarstvo-ferbezar.com\/de\/produkt\/trockenwurst\/#primaryimage\",\"url\":\"https:\/\/mesnica.gospodarstvo-ferbezar.com\/wp-content\/uploads\/2025\/08\/slavonska-kobasica1-1030x684-1.jpg\",\"contentUrl\":\"https:\/\/mesnica.gospodarstvo-ferbezar.com\/wp-content\/uploads\/2025\/08\/slavonska-kobasica1-1030x684-1.jpg\",\"width\":1030,\"height\":684},{\"@type\":\"BreadcrumbList\",\"@id\":\"https:\/\/mesnica.gospodarstvo-ferbezar.com\/de\/produkt\/trockenwurst\/#breadcrumb\",\"itemListElement\":[{\"@type\":\"ListItem\",\"position\":1,\"name\":\"Home\",\"item\":\"https:\/\/mesnica.gospodarstvo-ferbezar.com\/de\/\"},{\"@type\":\"ListItem\",\"position\":2,\"name\":\"GESCHAFT\",\"item\":\"https:\/\/mesnica.gospodarstvo-ferbezar.com\/de\/geschaft\/\"},{\"@type\":\"ListItem\",\"position\":3,\"name\":\"Trockenwurst\"}]},{\"@type\":\"WebSite\",\"@id\":\"https:\/\/mesnica.gospodarstvo-ferbezar.com\/de\/#website\",\"url\":\"https:\/\/mesnica.gospodarstvo-ferbezar.com\/de\/\",\"name\":\"OPG FERBE\u017dAR\",\"description\":\"OPG, gospodarstvo, uzgoj, doma\u0107a hrana\",\"publisher\":{\"@id\":\"https:\/\/mesnica.gospodarstvo-ferbezar.com\/de\/#organization\"},\"potentialAction\":[{\"@type\":\"SearchAction\",\"target\":{\"@type\":\"EntryPoint\",\"urlTemplate\":\"https:\/\/mesnica.gospodarstvo-ferbezar.com\/de\/?s={search_term_string}\"},\"query-input\":{\"@type\":\"PropertyValueSpecification\",\"valueRequired\":true,\"valueName\":\"search_term_string\"}}],\"inLanguage\":\"de\"},{\"@type\":\"Organization\",\"@id\":\"https:\/\/mesnica.gospodarstvo-ferbezar.com\/de\/#organization\",\"name\":\"OPG FERBE\u017dAR\",\"url\":\"https:\/\/mesnica.gospodarstvo-ferbezar.com\/de\/\",\"logo\":{\"@type\":\"ImageObject\",\"inLanguage\":\"de\",\"@id\":\"https:\/\/mesnica.gospodarstvo-ferbezar.com\/de\/#\/schema\/logo\/image\/\",\"url\":\"https:\/\/mesnica.gospodarstvo-ferbezar.com\/wp-content\/uploads\/2021\/09\/logo_200.png\",\"contentUrl\":\"https:\/\/mesnica.gospodarstvo-ferbezar.com\/wp-content\/uploads\/2021\/09\/logo_200.png\",\"width\":231,\"height\":200,\"caption\":\"OPG FERBE\u017dAR\"},\"image\":{\"@id\":\"https:\/\/mesnica.gospodarstvo-ferbezar.com\/de\/#\/schema\/logo\/image\/\"}}]}<\/script>\n<!-- \/ Yoast SEO plugin. -->","yoast_head_json":{"title":"Trockenwurst - OPG FERBE\u017dAR","robots":{"index":"index","follow":"follow","max-snippet":"max-snippet:-1","max-image-preview":"max-image-preview:large","max-video-preview":"max-video-preview:-1"},"canonical":"https:\/\/mesnica.gospodarstvo-ferbezar.com\/de\/produkt\/trockenwurst\/","og_locale":"de_DE","og_type":"article","og_title":"Trockenwurst - OPG FERBE\u017dAR","og_description":"Wurst \u2013 Die Einwohner Slawoniens und der Baranja sind traditionell als gro\u00dfe Liebhaber und Kenner von Wurst bekannt. Die Grundzutaten","og_url":"https:\/\/mesnica.gospodarstvo-ferbezar.com\/de\/produkt\/trockenwurst\/","og_site_name":"OPG FERBE\u017dAR","article_modified_time":"2026-02-23T11:13:20+00:00","og_image":[{"width":1030,"height":684,"url":"https:\/\/mesnica.gospodarstvo-ferbezar.com\/wp-content\/uploads\/2025\/08\/slavonska-kobasica1-1030x684-1.jpg","type":"image\/jpeg"}],"twitter_card":"summary_large_image","twitter_misc":{"Gesch\u00e4tzte Lesezeit":"1\u00a0Minute"},"schema":{"@context":"https:\/\/schema.org","@graph":[{"@type":"WebPage","@id":"https:\/\/mesnica.gospodarstvo-ferbezar.com\/de\/produkt\/trockenwurst\/","url":"https:\/\/mesnica.gospodarstvo-ferbezar.com\/de\/produkt\/trockenwurst\/","name":"Trockenwurst - OPG FERBE\u017dAR","isPartOf":{"@id":"https:\/\/mesnica.gospodarstvo-ferbezar.com\/de\/#website"},"primaryImageOfPage":{"@id":"https:\/\/mesnica.gospodarstvo-ferbezar.com\/de\/produkt\/trockenwurst\/#primaryimage"},"image":{"@id":"https:\/\/mesnica.gospodarstvo-ferbezar.com\/de\/produkt\/trockenwurst\/#primaryimage"},"thumbnailUrl":"https:\/\/mesnica.gospodarstvo-ferbezar.com\/wp-content\/uploads\/2025\/08\/slavonska-kobasica1-1030x684-1.jpg","datePublished":"2025-08-09T16:08:56+00:00","dateModified":"2026-02-23T11:13:20+00:00","breadcrumb":{"@id":"https:\/\/mesnica.gospodarstvo-ferbezar.com\/de\/produkt\/trockenwurst\/#breadcrumb"},"inLanguage":"de","potentialAction":[{"@type":"ReadAction","target":["https:\/\/mesnica.gospodarstvo-ferbezar.com\/de\/produkt\/trockenwurst\/"]}]},{"@type":"ImageObject","inLanguage":"de","@id":"https:\/\/mesnica.gospodarstvo-ferbezar.com\/de\/produkt\/trockenwurst\/#primaryimage","url":"https:\/\/mesnica.gospodarstvo-ferbezar.com\/wp-content\/uploads\/2025\/08\/slavonska-kobasica1-1030x684-1.jpg","contentUrl":"https:\/\/mesnica.gospodarstvo-ferbezar.com\/wp-content\/uploads\/2025\/08\/slavonska-kobasica1-1030x684-1.jpg","width":1030,"height":684},{"@type":"BreadcrumbList","@id":"https:\/\/mesnica.gospodarstvo-ferbezar.com\/de\/produkt\/trockenwurst\/#breadcrumb","itemListElement":[{"@type":"ListItem","position":1,"name":"Home","item":"https:\/\/mesnica.gospodarstvo-ferbezar.com\/de\/"},{"@type":"ListItem","position":2,"name":"GESCHAFT","item":"https:\/\/mesnica.gospodarstvo-ferbezar.com\/de\/geschaft\/"},{"@type":"ListItem","position":3,"name":"Trockenwurst"}]},{"@type":"WebSite","@id":"https:\/\/mesnica.gospodarstvo-ferbezar.com\/de\/#website","url":"https:\/\/mesnica.gospodarstvo-ferbezar.com\/de\/","name":"OPG FERBE\u017dAR","description":"OPG, gospodarstvo, uzgoj, doma\u0107a hrana","publisher":{"@id":"https:\/\/mesnica.gospodarstvo-ferbezar.com\/de\/#organization"},"potentialAction":[{"@type":"SearchAction","target":{"@type":"EntryPoint","urlTemplate":"https:\/\/mesnica.gospodarstvo-ferbezar.com\/de\/?s={search_term_string}"},"query-input":{"@type":"PropertyValueSpecification","valueRequired":true,"valueName":"search_term_string"}}],"inLanguage":"de"},{"@type":"Organization","@id":"https:\/\/mesnica.gospodarstvo-ferbezar.com\/de\/#organization","name":"OPG FERBE\u017dAR","url":"https:\/\/mesnica.gospodarstvo-ferbezar.com\/de\/","logo":{"@type":"ImageObject","inLanguage":"de","@id":"https:\/\/mesnica.gospodarstvo-ferbezar.com\/de\/#\/schema\/logo\/image\/","url":"https:\/\/mesnica.gospodarstvo-ferbezar.com\/wp-content\/uploads\/2021\/09\/logo_200.png","contentUrl":"https:\/\/mesnica.gospodarstvo-ferbezar.com\/wp-content\/uploads\/2021\/09\/logo_200.png","width":231,"height":200,"caption":"OPG FERBE\u017dAR"},"image":{"@id":"https:\/\/mesnica.gospodarstvo-ferbezar.com\/de\/#\/schema\/logo\/image\/"}}]}},"_links":{"self":[{"href":"https:\/\/mesnica.gospodarstvo-ferbezar.com\/de\/wp-json\/wp\/v2\/product\/28359","targetHints":{"allow":["GET"]}}],"collection":[{"href":"https:\/\/mesnica.gospodarstvo-ferbezar.com\/de\/wp-json\/wp\/v2\/product"}],"about":[{"href":"https:\/\/mesnica.gospodarstvo-ferbezar.com\/de\/wp-json\/wp\/v2\/types\/product"}],"version-history":[{"count":1,"href":"https:\/\/mesnica.gospodarstvo-ferbezar.com\/de\/wp-json\/wp\/v2\/product\/28359\/revisions"}],"predecessor-version":[{"id":29098,"href":"https:\/\/mesnica.gospodarstvo-ferbezar.com\/de\/wp-json\/wp\/v2\/product\/28359\/revisions\/29098"}],"wp:featuredmedia":[{"embeddable":true,"href":"https:\/\/mesnica.gospodarstvo-ferbezar.com\/de\/wp-json\/wp\/v2\/media\/28020"}],"wp:attachment":[{"href":"https:\/\/mesnica.gospodarstvo-ferbezar.com\/de\/wp-json\/wp\/v2\/media?parent=28359"}],"wp:term":[{"taxonomy":"product_brand","embeddable":true,"href":"https:\/\/mesnica.gospodarstvo-ferbezar.com\/de\/wp-json\/wp\/v2\/product_brand?post=28359"},{"taxonomy":"product_cat","embeddable":true,"href":"https:\/\/mesnica.gospodarstvo-ferbezar.com\/de\/wp-json\/wp\/v2\/product_cat?post=28359"},{"taxonomy":"product_tag","embeddable":true,"href":"https:\/\/mesnica.gospodarstvo-ferbezar.com\/de\/wp-json\/wp\/v2\/product_tag?post=28359"}],"curies":[{"name":"wp","href":"https:\/\/api.w.org\/{rel}","templated":true}]}}