{"id":28349,"date":"2025-08-11T13:52:52","date_gmt":"2025-08-11T11:52:52","guid":{"rendered":"https:\/\/mesnica.gospodarstvo-ferbezar.com\/product\/kulen-geschnitten-100g\/"},"modified":"2026-02-19T14:36:31","modified_gmt":"2026-02-19T12:36:31","slug":"kulen-geschnitten-100g","status":"publish","type":"product","link":"https:\/\/mesnica.gospodarstvo-ferbezar.com\/de\/produkt\/kulen-geschnitten-100g\/","title":{"rendered":"Kulen geschnitten 100g"},"content":{"rendered":"<p>Kulen erhielt seinen Namen \u201eSlawonischer Hauskulen\u201c in unserem Land durch die urspr\u00fcngliche Form, an die die Basis eines Fremdworts angepasst wurde, das f\u00fcr mehrere Varianten des Grundbegriffs verwendet wurde. Der urspr\u00fcngliche Name \u201eKulen\u201c f\u00fcr eine bestimmte Wurstsorte hat sich in Slawonien bis heute erhalten. Kulen, ein Fleischprodukt, eine Wurst, hat keinen anderen Namen, und der Begriff \u201eSlawonischer Hauskulen\u201c oder einfach \u201eKulen\u201c bedeutet im Kroatischen immer dasselbe: Es handelt sich um ein urspr\u00fcngliches Hausprodukt, eine Wurst aus Schweinefleisch, im Schweinebauch mit bestimmten Zus\u00e4tzen von Salz und Gew\u00fcrzen \u2013 Paprika und Knoblauch. Es ist ein einheimisches kroatisches Produkt, das in den ikavischen Regionen Slawoniens \u201eKulin\u201c genannt wird.<\/p>\n<p>LAKTOSEFREI, GLUTENFREI, KONSERVIERUNGSSTOFFFREI, NITRATFREI<\/p>\n","protected":false},"excerpt":{"rendered":"<p>St\u00fcck: \u20ac\/St\u00fcck<\/p>\n","protected":false},"featured_media":28086,"template":"","meta":[],"product_brand":[],"product_cat":[414,418],"product_tag":[],"class_list":{"0":"post-28349","1":"product","2":"type-product","3":"status-publish","4":"has-post-thumbnail","6":"product_cat-kulen-de","7":"product_cat-slawonischer-kulen","9":"first","10":"instock","11":"shipping-taxable","12":"purchasable","13":"product-type-simple"},"yoast_head":"<!-- This site is optimized with the Yoast SEO plugin v27.2 - https:\/\/yoast.com\/product\/yoast-seo-wordpress\/ -->\n<title>Kulen geschnitten 100g - OPG FERBE\u017dAR<\/title>\n<meta name=\"robots\" content=\"index, follow, max-snippet:-1, max-image-preview:large, max-video-preview:-1\" \/>\n<link rel=\"canonical\" href=\"https:\/\/mesnica.gospodarstvo-ferbezar.com\/de\/produkt\/kulen-geschnitten-100g\/\" \/>\n<meta property=\"og:locale\" content=\"de_DE\" \/>\n<meta property=\"og:type\" content=\"article\" \/>\n<meta property=\"og:title\" content=\"Kulen geschnitten 100g - OPG FERBE\u017dAR\" \/>\n<meta property=\"og:description\" content=\"St\u00fcck: \u20ac\/St\u00fcck\" \/>\n<meta property=\"og:url\" content=\"https:\/\/mesnica.gospodarstvo-ferbezar.com\/de\/produkt\/kulen-geschnitten-100g\/\" \/>\n<meta property=\"og:site_name\" content=\"OPG FERBE\u017dAR\" \/>\n<meta property=\"article:modified_time\" content=\"2026-02-19T12:36:31+00:00\" \/>\n<meta property=\"og:image\" content=\"https:\/\/mesnica.gospodarstvo-ferbezar.com\/wp-content\/uploads\/2025\/08\/IMG_0679-773x1030-1.jpg\" \/>\n\t<meta property=\"og:image:width\" content=\"773\" \/>\n\t<meta property=\"og:image:height\" content=\"1030\" \/>\n\t<meta property=\"og:image:type\" content=\"image\/jpeg\" \/>\n<meta name=\"twitter:card\" content=\"summary_large_image\" \/>\n<meta name=\"twitter:label1\" content=\"Gesch\u00e4tzte Lesezeit\" \/>\n\t<meta name=\"twitter:data1\" content=\"1\u00a0Minute\" \/>\n<script type=\"application\/ld+json\" class=\"yoast-schema-graph\">{\"@context\":\"https:\/\/schema.org\",\"@graph\":[{\"@type\":\"WebPage\",\"@id\":\"https:\/\/mesnica.gospodarstvo-ferbezar.com\/de\/produkt\/kulen-geschnitten-100g\/\",\"url\":\"https:\/\/mesnica.gospodarstvo-ferbezar.com\/de\/produkt\/kulen-geschnitten-100g\/\",\"name\":\"Kulen geschnitten 100g - OPG FERBE\u017dAR\",\"isPartOf\":{\"@id\":\"https:\/\/mesnica.gospodarstvo-ferbezar.com\/de\/#website\"},\"primaryImageOfPage\":{\"@id\":\"https:\/\/mesnica.gospodarstvo-ferbezar.com\/de\/produkt\/kulen-geschnitten-100g\/#primaryimage\"},\"image\":{\"@id\":\"https:\/\/mesnica.gospodarstvo-ferbezar.com\/de\/produkt\/kulen-geschnitten-100g\/#primaryimage\"},\"thumbnailUrl\":\"https:\/\/mesnica.gospodarstvo-ferbezar.com\/wp-content\/uploads\/2025\/08\/IMG_0679-773x1030-1.jpg\",\"datePublished\":\"2025-08-11T11:52:52+00:00\",\"dateModified\":\"2026-02-19T12:36:31+00:00\",\"breadcrumb\":{\"@id\":\"https:\/\/mesnica.gospodarstvo-ferbezar.com\/de\/produkt\/kulen-geschnitten-100g\/#breadcrumb\"},\"inLanguage\":\"de\",\"potentialAction\":[{\"@type\":\"ReadAction\",\"target\":[\"https:\/\/mesnica.gospodarstvo-ferbezar.com\/de\/produkt\/kulen-geschnitten-100g\/\"]}]},{\"@type\":\"ImageObject\",\"inLanguage\":\"de\",\"@id\":\"https:\/\/mesnica.gospodarstvo-ferbezar.com\/de\/produkt\/kulen-geschnitten-100g\/#primaryimage\",\"url\":\"https:\/\/mesnica.gospodarstvo-ferbezar.com\/wp-content\/uploads\/2025\/08\/IMG_0679-773x1030-1.jpg\",\"contentUrl\":\"https:\/\/mesnica.gospodarstvo-ferbezar.com\/wp-content\/uploads\/2025\/08\/IMG_0679-773x1030-1.jpg\",\"width\":773,\"height\":1030},{\"@type\":\"BreadcrumbList\",\"@id\":\"https:\/\/mesnica.gospodarstvo-ferbezar.com\/de\/produkt\/kulen-geschnitten-100g\/#breadcrumb\",\"itemListElement\":[{\"@type\":\"ListItem\",\"position\":1,\"name\":\"Home\",\"item\":\"https:\/\/mesnica.gospodarstvo-ferbezar.com\/de\/\"},{\"@type\":\"ListItem\",\"position\":2,\"name\":\"GESCHAFT\",\"item\":\"https:\/\/mesnica.gospodarstvo-ferbezar.com\/de\/geschaft\/\"},{\"@type\":\"ListItem\",\"position\":3,\"name\":\"Kulen geschnitten 100g\"}]},{\"@type\":\"WebSite\",\"@id\":\"https:\/\/mesnica.gospodarstvo-ferbezar.com\/de\/#website\",\"url\":\"https:\/\/mesnica.gospodarstvo-ferbezar.com\/de\/\",\"name\":\"OPG FERBE\u017dAR\",\"description\":\"OPG, gospodarstvo, uzgoj, doma\u0107a hrana\",\"publisher\":{\"@id\":\"https:\/\/mesnica.gospodarstvo-ferbezar.com\/de\/#organization\"},\"potentialAction\":[{\"@type\":\"SearchAction\",\"target\":{\"@type\":\"EntryPoint\",\"urlTemplate\":\"https:\/\/mesnica.gospodarstvo-ferbezar.com\/de\/?s={search_term_string}\"},\"query-input\":{\"@type\":\"PropertyValueSpecification\",\"valueRequired\":true,\"valueName\":\"search_term_string\"}}],\"inLanguage\":\"de\"},{\"@type\":\"Organization\",\"@id\":\"https:\/\/mesnica.gospodarstvo-ferbezar.com\/de\/#organization\",\"name\":\"OPG FERBE\u017dAR\",\"url\":\"https:\/\/mesnica.gospodarstvo-ferbezar.com\/de\/\",\"logo\":{\"@type\":\"ImageObject\",\"inLanguage\":\"de\",\"@id\":\"https:\/\/mesnica.gospodarstvo-ferbezar.com\/de\/#\/schema\/logo\/image\/\",\"url\":\"https:\/\/mesnica.gospodarstvo-ferbezar.com\/wp-content\/uploads\/2021\/09\/logo_200.png\",\"contentUrl\":\"https:\/\/mesnica.gospodarstvo-ferbezar.com\/wp-content\/uploads\/2021\/09\/logo_200.png\",\"width\":231,\"height\":200,\"caption\":\"OPG FERBE\u017dAR\"},\"image\":{\"@id\":\"https:\/\/mesnica.gospodarstvo-ferbezar.com\/de\/#\/schema\/logo\/image\/\"}}]}<\/script>\n<!-- \/ Yoast SEO plugin. -->","yoast_head_json":{"title":"Kulen geschnitten 100g - OPG FERBE\u017dAR","robots":{"index":"index","follow":"follow","max-snippet":"max-snippet:-1","max-image-preview":"max-image-preview:large","max-video-preview":"max-video-preview:-1"},"canonical":"https:\/\/mesnica.gospodarstvo-ferbezar.com\/de\/produkt\/kulen-geschnitten-100g\/","og_locale":"de_DE","og_type":"article","og_title":"Kulen geschnitten 100g - OPG FERBE\u017dAR","og_description":"St\u00fcck: \u20ac\/St\u00fcck","og_url":"https:\/\/mesnica.gospodarstvo-ferbezar.com\/de\/produkt\/kulen-geschnitten-100g\/","og_site_name":"OPG FERBE\u017dAR","article_modified_time":"2026-02-19T12:36:31+00:00","og_image":[{"width":773,"height":1030,"url":"https:\/\/mesnica.gospodarstvo-ferbezar.com\/wp-content\/uploads\/2025\/08\/IMG_0679-773x1030-1.jpg","type":"image\/jpeg"}],"twitter_card":"summary_large_image","twitter_misc":{"Gesch\u00e4tzte Lesezeit":"1\u00a0Minute"},"schema":{"@context":"https:\/\/schema.org","@graph":[{"@type":"WebPage","@id":"https:\/\/mesnica.gospodarstvo-ferbezar.com\/de\/produkt\/kulen-geschnitten-100g\/","url":"https:\/\/mesnica.gospodarstvo-ferbezar.com\/de\/produkt\/kulen-geschnitten-100g\/","name":"Kulen geschnitten 100g - OPG FERBE\u017dAR","isPartOf":{"@id":"https:\/\/mesnica.gospodarstvo-ferbezar.com\/de\/#website"},"primaryImageOfPage":{"@id":"https:\/\/mesnica.gospodarstvo-ferbezar.com\/de\/produkt\/kulen-geschnitten-100g\/#primaryimage"},"image":{"@id":"https:\/\/mesnica.gospodarstvo-ferbezar.com\/de\/produkt\/kulen-geschnitten-100g\/#primaryimage"},"thumbnailUrl":"https:\/\/mesnica.gospodarstvo-ferbezar.com\/wp-content\/uploads\/2025\/08\/IMG_0679-773x1030-1.jpg","datePublished":"2025-08-11T11:52:52+00:00","dateModified":"2026-02-19T12:36:31+00:00","breadcrumb":{"@id":"https:\/\/mesnica.gospodarstvo-ferbezar.com\/de\/produkt\/kulen-geschnitten-100g\/#breadcrumb"},"inLanguage":"de","potentialAction":[{"@type":"ReadAction","target":["https:\/\/mesnica.gospodarstvo-ferbezar.com\/de\/produkt\/kulen-geschnitten-100g\/"]}]},{"@type":"ImageObject","inLanguage":"de","@id":"https:\/\/mesnica.gospodarstvo-ferbezar.com\/de\/produkt\/kulen-geschnitten-100g\/#primaryimage","url":"https:\/\/mesnica.gospodarstvo-ferbezar.com\/wp-content\/uploads\/2025\/08\/IMG_0679-773x1030-1.jpg","contentUrl":"https:\/\/mesnica.gospodarstvo-ferbezar.com\/wp-content\/uploads\/2025\/08\/IMG_0679-773x1030-1.jpg","width":773,"height":1030},{"@type":"BreadcrumbList","@id":"https:\/\/mesnica.gospodarstvo-ferbezar.com\/de\/produkt\/kulen-geschnitten-100g\/#breadcrumb","itemListElement":[{"@type":"ListItem","position":1,"name":"Home","item":"https:\/\/mesnica.gospodarstvo-ferbezar.com\/de\/"},{"@type":"ListItem","position":2,"name":"GESCHAFT","item":"https:\/\/mesnica.gospodarstvo-ferbezar.com\/de\/geschaft\/"},{"@type":"ListItem","position":3,"name":"Kulen geschnitten 100g"}]},{"@type":"WebSite","@id":"https:\/\/mesnica.gospodarstvo-ferbezar.com\/de\/#website","url":"https:\/\/mesnica.gospodarstvo-ferbezar.com\/de\/","name":"OPG FERBE\u017dAR","description":"OPG, gospodarstvo, uzgoj, doma\u0107a hrana","publisher":{"@id":"https:\/\/mesnica.gospodarstvo-ferbezar.com\/de\/#organization"},"potentialAction":[{"@type":"SearchAction","target":{"@type":"EntryPoint","urlTemplate":"https:\/\/mesnica.gospodarstvo-ferbezar.com\/de\/?s={search_term_string}"},"query-input":{"@type":"PropertyValueSpecification","valueRequired":true,"valueName":"search_term_string"}}],"inLanguage":"de"},{"@type":"Organization","@id":"https:\/\/mesnica.gospodarstvo-ferbezar.com\/de\/#organization","name":"OPG FERBE\u017dAR","url":"https:\/\/mesnica.gospodarstvo-ferbezar.com\/de\/","logo":{"@type":"ImageObject","inLanguage":"de","@id":"https:\/\/mesnica.gospodarstvo-ferbezar.com\/de\/#\/schema\/logo\/image\/","url":"https:\/\/mesnica.gospodarstvo-ferbezar.com\/wp-content\/uploads\/2021\/09\/logo_200.png","contentUrl":"https:\/\/mesnica.gospodarstvo-ferbezar.com\/wp-content\/uploads\/2021\/09\/logo_200.png","width":231,"height":200,"caption":"OPG FERBE\u017dAR"},"image":{"@id":"https:\/\/mesnica.gospodarstvo-ferbezar.com\/de\/#\/schema\/logo\/image\/"}}]}},"_links":{"self":[{"href":"https:\/\/mesnica.gospodarstvo-ferbezar.com\/de\/wp-json\/wp\/v2\/product\/28349","targetHints":{"allow":["GET"]}}],"collection":[{"href":"https:\/\/mesnica.gospodarstvo-ferbezar.com\/de\/wp-json\/wp\/v2\/product"}],"about":[{"href":"https:\/\/mesnica.gospodarstvo-ferbezar.com\/de\/wp-json\/wp\/v2\/types\/product"}],"version-history":[{"count":1,"href":"https:\/\/mesnica.gospodarstvo-ferbezar.com\/de\/wp-json\/wp\/v2\/product\/28349\/revisions"}],"predecessor-version":[{"id":29335,"href":"https:\/\/mesnica.gospodarstvo-ferbezar.com\/de\/wp-json\/wp\/v2\/product\/28349\/revisions\/29335"}],"wp:featuredmedia":[{"embeddable":true,"href":"https:\/\/mesnica.gospodarstvo-ferbezar.com\/de\/wp-json\/wp\/v2\/media\/28086"}],"wp:attachment":[{"href":"https:\/\/mesnica.gospodarstvo-ferbezar.com\/de\/wp-json\/wp\/v2\/media?parent=28349"}],"wp:term":[{"taxonomy":"product_brand","embeddable":true,"href":"https:\/\/mesnica.gospodarstvo-ferbezar.com\/de\/wp-json\/wp\/v2\/product_brand?post=28349"},{"taxonomy":"product_cat","embeddable":true,"href":"https:\/\/mesnica.gospodarstvo-ferbezar.com\/de\/wp-json\/wp\/v2\/product_cat?post=28349"},{"taxonomy":"product_tag","embeddable":true,"href":"https:\/\/mesnica.gospodarstvo-ferbezar.com\/de\/wp-json\/wp\/v2\/product_tag?post=28349"}],"curies":[{"name":"wp","href":"https:\/\/api.w.org\/{rel}","templated":true}]}}