{"id":28625,"date":"2025-08-21T13:46:00","date_gmt":"2025-08-21T11:46:00","guid":{"rendered":"https:\/\/mesnica.gospodarstvo-ferbezar.com\/?page_id=28625"},"modified":"2025-08-21T13:55:40","modified_gmt":"2025-08-21T11:55:40","slug":"ueber-uns","status":"publish","type":"page","link":"https:\/\/mesnica.gospodarstvo-ferbezar.com\/de\/ueber-uns\/","title":{"rendered":"\u00dcBER UNS"},"content":{"rendered":"\t\t<div data-elementor-type=\"wp-page\" data-elementor-id=\"28625\" class=\"elementor elementor-28625 elementor-4400\">\n\t\t\t\t\t\t<section class=\"wd-negative-gap elementor-section elementor-top-section elementor-element elementor-element-2eb7e010 elementor-section-content-middle wd-section-stretch elementor-reverse-mobile elementor-section-boxed elementor-section-height-default elementor-section-height-default\" data-id=\"2eb7e010\" data-element_type=\"section\" data-settings=\"{&quot;background_background&quot;:&quot;classic&quot;}\">\n\t\t\t\t\t\t<div class=\"elementor-container elementor-column-gap-extended\">\n\t\t\t\t\t<div class=\"elementor-column elementor-col-50 elementor-top-column elementor-element elementor-element-76aff7bb\" data-id=\"76aff7bb\" data-element_type=\"column\">\n\t\t\t<div class=\"elementor-widget-wrap elementor-element-populated\">\n\t\t\t\t\t\t<div class=\"elementor-element elementor-element-62cfbcac wd-width-100 elementor-widget elementor-widget-wd_title\" data-id=\"62cfbcac\" data-element_type=\"widget\" data-widget_type=\"wd_title.default\">\n\t\t\t\t<div class=\"elementor-widget-container\">\n\t\t\t\t\t\t\t<div class=\"title-wrapper wd-set-mb reset-last-child wd-title-color-default wd-title-style-default wd-title-size-default text-left\">\n\n\t\t\t\n\t\t\t<div class=\"liner-continer\">\n\t\t\t\t<h4 class=\"woodmart-title-container title wd-fontsize-l wd-underline-colored\">Kurz <u>\u00fcber uns<\/u> <\/h4> \n\t\t\t\t\t\t\t<\/div>\n\n\t\t\t\t\t<\/div>\n\t\t\t\t\t\t<\/div>\n\t\t\t\t<\/div>\n\t\t\t\t<div class=\"elementor-element elementor-element-54b98b29 elementor-widget elementor-widget-wd_text_block\" data-id=\"54b98b29\" data-element_type=\"widget\" data-widget_type=\"wd_text_block.default\">\n\t\t\t\t<div class=\"elementor-widget-container\">\n\t\t\t\t\t\t\t<div class=\"wd-text-block reset-last-child text-left\">\n\t\t\t\n\t\t\t<p class=\"p1\">Lassen Sie uns Ihnen die Premium-Produkte vorstellen, die wir auf dem Gut Ferbe\u017ear seit vielen Jahren auf traditionelle slawonische Weise nach einem alten Familienrezept aus dem hochwertigsten Fleisch der <span class=\"s1\"><b>Schwarzen Slawonischen Schweine<\/b><\/span> herstellen. Wir m\u00f6chten mit Ihnen unseren Produktionsprozess teilen \u2013 von der Aufzucht in Eichenw\u00e4ldern unter nat\u00fcrlichen und \u00f6kologischen Bedingungen sorgf\u00e4ltig ausgew\u00e4hlter Schweinerassen bis hin zum fertigen Produkt, das Sie mit Ihrer Familie genie\u00dfen werden. Diese Art der Aufzucht gew\u00e4hrleistet ein perfektes Verh\u00e4ltnis aller Fette im Fleisch. <br \/>Unsere Produkte werden au\u00dferdem mit \u00f6kologischen Gew\u00fcrzen hergestellt, die auf Familienbetrieben in den slawonischen Feldern angebaut werden.<\/p><p class=\"p3\"><span class=\"s2\">Die Produkte enthalten <\/span><b>weder Laktose noch Gluten oder Konservierungsstoffe<\/b><span class=\"s2\">.<\/span><\/p>\n\t\t\t\t\t<\/div>\n\t\t\t\t\t\t<\/div>\n\t\t\t\t<\/div>\n\t\t\t\t\t<\/div>\n\t\t<\/div>\n\t\t\t\t<div class=\"elementor-column elementor-col-50 elementor-top-column elementor-element elementor-element-2f4acc73\" data-id=\"2f4acc73\" data-element_type=\"column\">\n\t\t\t<div class=\"elementor-widget-wrap elementor-element-populated\">\n\t\t\t\t\t\t<div class=\"elementor-element elementor-element-7d46d6d1 elementor-widget elementor-widget-wd_image_or_svg\" data-id=\"7d46d6d1\" data-element_type=\"widget\" data-widget_type=\"wd_image_or_svg.default\">\n\t\t\t\t<div class=\"elementor-widget-container\">\n\t\t\t\t\t\n\t\t<div class=\"wd-image text-left\">\n\t\t\t\t\t\t\t\t<img loading=\"lazy\" decoding=\"async\" width=\"700\" height=\"394\" src=\"https:\/\/mesnica.gospodarstvo-ferbezar.com\/wp-content\/uploads\/2025\/08\/Matanovic-18-700x394.jpg\" class=\"attachment-woocommerce_single size-woocommerce_single\" alt=\"\" srcset=\"https:\/\/mesnica.gospodarstvo-ferbezar.com\/wp-content\/uploads\/2025\/08\/Matanovic-18-700x394.jpg 700w, https:\/\/mesnica.gospodarstvo-ferbezar.com\/wp-content\/uploads\/2025\/08\/Matanovic-18-400x225.jpg 400w, https:\/\/mesnica.gospodarstvo-ferbezar.com\/wp-content\/uploads\/2025\/08\/Matanovic-18-1300x731.jpg 1300w, https:\/\/mesnica.gospodarstvo-ferbezar.com\/wp-content\/uploads\/2025\/08\/Matanovic-18-768x432.jpg 768w, https:\/\/mesnica.gospodarstvo-ferbezar.com\/wp-content\/uploads\/2025\/08\/Matanovic-18-1536x864.jpg 1536w, https:\/\/mesnica.gospodarstvo-ferbezar.com\/wp-content\/uploads\/2025\/08\/Matanovic-18-2048x1152.jpg 2048w, https:\/\/mesnica.gospodarstvo-ferbezar.com\/wp-content\/uploads\/2025\/08\/Matanovic-18-150x84.jpg 150w\" sizes=\"auto, (max-width: 700px) 100vw, 700px\" \/>\t\t\t\t\t<\/div>\n\n\t\t\t\t\t\t<\/div>\n\t\t\t\t<\/div>\n\t\t\t\t<div class=\"elementor-element elementor-element-b3891fb elementor-widget elementor-widget-wd_image_or_svg\" data-id=\"b3891fb\" data-element_type=\"widget\" data-widget_type=\"wd_image_or_svg.default\">\n\t\t\t\t<div class=\"elementor-widget-container\">\n\t\t\t\t\t\n\t\t<div class=\"wd-image text-left\">\n\t\t\t\t\t\t\t\t<img loading=\"lazy\" decoding=\"async\" width=\"700\" height=\"467\" src=\"https:\/\/mesnica.gospodarstvo-ferbezar.com\/wp-content\/uploads\/2025\/08\/DSC_4460-700x467.jpg\" class=\"attachment-woocommerce_single size-woocommerce_single\" alt=\"\" srcset=\"https:\/\/mesnica.gospodarstvo-ferbezar.com\/wp-content\/uploads\/2025\/08\/DSC_4460-700x467.jpg 700w, https:\/\/mesnica.gospodarstvo-ferbezar.com\/wp-content\/uploads\/2025\/08\/DSC_4460-400x267.jpg 400w, https:\/\/mesnica.gospodarstvo-ferbezar.com\/wp-content\/uploads\/2025\/08\/DSC_4460-1200x800.jpg 1200w, https:\/\/mesnica.gospodarstvo-ferbezar.com\/wp-content\/uploads\/2025\/08\/DSC_4460-768x512.jpg 768w, https:\/\/mesnica.gospodarstvo-ferbezar.com\/wp-content\/uploads\/2025\/08\/DSC_4460-1536x1024.jpg 1536w, https:\/\/mesnica.gospodarstvo-ferbezar.com\/wp-content\/uploads\/2025\/08\/DSC_4460-2048x1365.jpg 2048w, https:\/\/mesnica.gospodarstvo-ferbezar.com\/wp-content\/uploads\/2025\/08\/DSC_4460-150x100.jpg 150w\" sizes=\"auto, (max-width: 700px) 100vw, 700px\" \/>\t\t\t\t\t<\/div>\n\n\t\t\t\t\t\t<\/div>\n\t\t\t\t<\/div>\n\t\t\t\t\t<\/div>\n\t\t<\/div>\n\t\t\t\t\t<\/div>\n\t\t<\/section>\n\t\t\t\t<\/div>\n\t\t","protected":false},"excerpt":{"rendered":"<p>Kurz \u00fcber uns Lassen Sie uns Ihnen die Premium-Produkte vorstellen, die wir auf dem Gut Ferbe\u017ear seit vielen Jahren auf<\/p>\n","protected":false},"author":1,"featured_media":0,"parent":0,"menu_order":9,"comment_status":"closed","ping_status":"closed","template":"","meta":{"footnotes":""},"class_list":["post-28625","page","type-page","status-publish","hentry"],"yoast_head":"<!-- This site is optimized with the Yoast SEO plugin v27.2 - https:\/\/yoast.com\/product\/yoast-seo-wordpress\/ -->\n<title>\u00dcBER UNS - OPG FERBE\u017dAR<\/title>\n<meta name=\"robots\" content=\"index, follow, max-snippet:-1, max-image-preview:large, max-video-preview:-1\" \/>\n<link rel=\"canonical\" href=\"https:\/\/mesnica.gospodarstvo-ferbezar.com\/de\/ueber-uns\/\" \/>\n<meta property=\"og:locale\" content=\"de_DE\" \/>\n<meta property=\"og:type\" content=\"article\" \/>\n<meta property=\"og:title\" content=\"\u00dcBER UNS - OPG FERBE\u017dAR\" \/>\n<meta property=\"og:description\" content=\"Kurz \u00fcber uns Lassen Sie uns Ihnen die Premium-Produkte vorstellen, die wir auf dem Gut Ferbe\u017ear seit vielen Jahren auf\" \/>\n<meta property=\"og:url\" content=\"https:\/\/mesnica.gospodarstvo-ferbezar.com\/de\/ueber-uns\/\" \/>\n<meta property=\"og:site_name\" content=\"OPG FERBE\u017dAR\" \/>\n<meta property=\"article:modified_time\" content=\"2025-08-21T11:55:40+00:00\" \/>\n<meta property=\"og:image\" content=\"https:\/\/mesnica.gospodarstvo-ferbezar.com\/wp-content\/uploads\/2025\/08\/Matanovic-18-700x394.jpg\" \/>\n<meta name=\"twitter:card\" content=\"summary_large_image\" \/>\n<meta name=\"twitter:label1\" content=\"Gesch\u00e4tzte Lesezeit\" \/>\n\t<meta name=\"twitter:data1\" content=\"1\u00a0Minute\" \/>\n<script type=\"application\/ld+json\" class=\"yoast-schema-graph\">{\"@context\":\"https:\/\/schema.org\",\"@graph\":[{\"@type\":\"WebPage\",\"@id\":\"https:\/\/mesnica.gospodarstvo-ferbezar.com\/de\/ueber-uns\/\",\"url\":\"https:\/\/mesnica.gospodarstvo-ferbezar.com\/de\/ueber-uns\/\",\"name\":\"\u00dcBER UNS - OPG FERBE\u017dAR\",\"isPartOf\":{\"@id\":\"https:\/\/mesnica.gospodarstvo-ferbezar.com\/de\/#website\"},\"primaryImageOfPage\":{\"@id\":\"https:\/\/mesnica.gospodarstvo-ferbezar.com\/de\/ueber-uns\/#primaryimage\"},\"image\":{\"@id\":\"https:\/\/mesnica.gospodarstvo-ferbezar.com\/de\/ueber-uns\/#primaryimage\"},\"thumbnailUrl\":\"https:\/\/mesnica.gospodarstvo-ferbezar.com\/wp-content\/uploads\/2025\/08\/Matanovic-18-700x394.jpg\",\"datePublished\":\"2025-08-21T11:46:00+00:00\",\"dateModified\":\"2025-08-21T11:55:40+00:00\",\"breadcrumb\":{\"@id\":\"https:\/\/mesnica.gospodarstvo-ferbezar.com\/de\/ueber-uns\/#breadcrumb\"},\"inLanguage\":\"de\",\"potentialAction\":[{\"@type\":\"ReadAction\",\"target\":[\"https:\/\/mesnica.gospodarstvo-ferbezar.com\/de\/ueber-uns\/\"]}]},{\"@type\":\"ImageObject\",\"inLanguage\":\"de\",\"@id\":\"https:\/\/mesnica.gospodarstvo-ferbezar.com\/de\/ueber-uns\/#primaryimage\",\"url\":\"https:\/\/mesnica.gospodarstvo-ferbezar.com\/wp-content\/uploads\/2025\/08\/Matanovic-18-700x394.jpg\",\"contentUrl\":\"https:\/\/mesnica.gospodarstvo-ferbezar.com\/wp-content\/uploads\/2025\/08\/Matanovic-18-700x394.jpg\"},{\"@type\":\"BreadcrumbList\",\"@id\":\"https:\/\/mesnica.gospodarstvo-ferbezar.com\/de\/ueber-uns\/#breadcrumb\",\"itemListElement\":[{\"@type\":\"ListItem\",\"position\":1,\"name\":\"Home\",\"item\":\"https:\/\/mesnica.gospodarstvo-ferbezar.com\/de\/\"},{\"@type\":\"ListItem\",\"position\":2,\"name\":\"\u00dcBER UNS\"}]},{\"@type\":\"WebSite\",\"@id\":\"https:\/\/mesnica.gospodarstvo-ferbezar.com\/de\/#website\",\"url\":\"https:\/\/mesnica.gospodarstvo-ferbezar.com\/de\/\",\"name\":\"OPG FERBE\u017dAR\",\"description\":\"OPG, gospodarstvo, uzgoj, doma\u0107a hrana\",\"publisher\":{\"@id\":\"https:\/\/mesnica.gospodarstvo-ferbezar.com\/de\/#organization\"},\"potentialAction\":[{\"@type\":\"SearchAction\",\"target\":{\"@type\":\"EntryPoint\",\"urlTemplate\":\"https:\/\/mesnica.gospodarstvo-ferbezar.com\/de\/?s={search_term_string}\"},\"query-input\":{\"@type\":\"PropertyValueSpecification\",\"valueRequired\":true,\"valueName\":\"search_term_string\"}}],\"inLanguage\":\"de\"},{\"@type\":\"Organization\",\"@id\":\"https:\/\/mesnica.gospodarstvo-ferbezar.com\/de\/#organization\",\"name\":\"OPG FERBE\u017dAR\",\"url\":\"https:\/\/mesnica.gospodarstvo-ferbezar.com\/de\/\",\"logo\":{\"@type\":\"ImageObject\",\"inLanguage\":\"de\",\"@id\":\"https:\/\/mesnica.gospodarstvo-ferbezar.com\/de\/#\/schema\/logo\/image\/\",\"url\":\"https:\/\/mesnica.gospodarstvo-ferbezar.com\/wp-content\/uploads\/2021\/09\/logo_200.png\",\"contentUrl\":\"https:\/\/mesnica.gospodarstvo-ferbezar.com\/wp-content\/uploads\/2021\/09\/logo_200.png\",\"width\":231,\"height\":200,\"caption\":\"OPG FERBE\u017dAR\"},\"image\":{\"@id\":\"https:\/\/mesnica.gospodarstvo-ferbezar.com\/de\/#\/schema\/logo\/image\/\"}}]}<\/script>\n<!-- \/ Yoast SEO plugin. -->","yoast_head_json":{"title":"\u00dcBER UNS - OPG FERBE\u017dAR","robots":{"index":"index","follow":"follow","max-snippet":"max-snippet:-1","max-image-preview":"max-image-preview:large","max-video-preview":"max-video-preview:-1"},"canonical":"https:\/\/mesnica.gospodarstvo-ferbezar.com\/de\/ueber-uns\/","og_locale":"de_DE","og_type":"article","og_title":"\u00dcBER UNS - OPG FERBE\u017dAR","og_description":"Kurz \u00fcber uns Lassen Sie uns Ihnen die Premium-Produkte vorstellen, die wir auf dem Gut Ferbe\u017ear seit vielen Jahren auf","og_url":"https:\/\/mesnica.gospodarstvo-ferbezar.com\/de\/ueber-uns\/","og_site_name":"OPG FERBE\u017dAR","article_modified_time":"2025-08-21T11:55:40+00:00","og_image":[{"url":"https:\/\/mesnica.gospodarstvo-ferbezar.com\/wp-content\/uploads\/2025\/08\/Matanovic-18-700x394.jpg","type":"","width":"","height":""}],"twitter_card":"summary_large_image","twitter_misc":{"Gesch\u00e4tzte Lesezeit":"1\u00a0Minute"},"schema":{"@context":"https:\/\/schema.org","@graph":[{"@type":"WebPage","@id":"https:\/\/mesnica.gospodarstvo-ferbezar.com\/de\/ueber-uns\/","url":"https:\/\/mesnica.gospodarstvo-ferbezar.com\/de\/ueber-uns\/","name":"\u00dcBER UNS - OPG FERBE\u017dAR","isPartOf":{"@id":"https:\/\/mesnica.gospodarstvo-ferbezar.com\/de\/#website"},"primaryImageOfPage":{"@id":"https:\/\/mesnica.gospodarstvo-ferbezar.com\/de\/ueber-uns\/#primaryimage"},"image":{"@id":"https:\/\/mesnica.gospodarstvo-ferbezar.com\/de\/ueber-uns\/#primaryimage"},"thumbnailUrl":"https:\/\/mesnica.gospodarstvo-ferbezar.com\/wp-content\/uploads\/2025\/08\/Matanovic-18-700x394.jpg","datePublished":"2025-08-21T11:46:00+00:00","dateModified":"2025-08-21T11:55:40+00:00","breadcrumb":{"@id":"https:\/\/mesnica.gospodarstvo-ferbezar.com\/de\/ueber-uns\/#breadcrumb"},"inLanguage":"de","potentialAction":[{"@type":"ReadAction","target":["https:\/\/mesnica.gospodarstvo-ferbezar.com\/de\/ueber-uns\/"]}]},{"@type":"ImageObject","inLanguage":"de","@id":"https:\/\/mesnica.gospodarstvo-ferbezar.com\/de\/ueber-uns\/#primaryimage","url":"https:\/\/mesnica.gospodarstvo-ferbezar.com\/wp-content\/uploads\/2025\/08\/Matanovic-18-700x394.jpg","contentUrl":"https:\/\/mesnica.gospodarstvo-ferbezar.com\/wp-content\/uploads\/2025\/08\/Matanovic-18-700x394.jpg"},{"@type":"BreadcrumbList","@id":"https:\/\/mesnica.gospodarstvo-ferbezar.com\/de\/ueber-uns\/#breadcrumb","itemListElement":[{"@type":"ListItem","position":1,"name":"Home","item":"https:\/\/mesnica.gospodarstvo-ferbezar.com\/de\/"},{"@type":"ListItem","position":2,"name":"\u00dcBER UNS"}]},{"@type":"WebSite","@id":"https:\/\/mesnica.gospodarstvo-ferbezar.com\/de\/#website","url":"https:\/\/mesnica.gospodarstvo-ferbezar.com\/de\/","name":"OPG FERBE\u017dAR","description":"OPG, gospodarstvo, uzgoj, doma\u0107a hrana","publisher":{"@id":"https:\/\/mesnica.gospodarstvo-ferbezar.com\/de\/#organization"},"potentialAction":[{"@type":"SearchAction","target":{"@type":"EntryPoint","urlTemplate":"https:\/\/mesnica.gospodarstvo-ferbezar.com\/de\/?s={search_term_string}"},"query-input":{"@type":"PropertyValueSpecification","valueRequired":true,"valueName":"search_term_string"}}],"inLanguage":"de"},{"@type":"Organization","@id":"https:\/\/mesnica.gospodarstvo-ferbezar.com\/de\/#organization","name":"OPG FERBE\u017dAR","url":"https:\/\/mesnica.gospodarstvo-ferbezar.com\/de\/","logo":{"@type":"ImageObject","inLanguage":"de","@id":"https:\/\/mesnica.gospodarstvo-ferbezar.com\/de\/#\/schema\/logo\/image\/","url":"https:\/\/mesnica.gospodarstvo-ferbezar.com\/wp-content\/uploads\/2021\/09\/logo_200.png","contentUrl":"https:\/\/mesnica.gospodarstvo-ferbezar.com\/wp-content\/uploads\/2021\/09\/logo_200.png","width":231,"height":200,"caption":"OPG FERBE\u017dAR"},"image":{"@id":"https:\/\/mesnica.gospodarstvo-ferbezar.com\/de\/#\/schema\/logo\/image\/"}}]}},"_links":{"self":[{"href":"https:\/\/mesnica.gospodarstvo-ferbezar.com\/de\/wp-json\/wp\/v2\/pages\/28625","targetHints":{"allow":["GET"]}}],"collection":[{"href":"https:\/\/mesnica.gospodarstvo-ferbezar.com\/de\/wp-json\/wp\/v2\/pages"}],"about":[{"href":"https:\/\/mesnica.gospodarstvo-ferbezar.com\/de\/wp-json\/wp\/v2\/types\/page"}],"author":[{"embeddable":true,"href":"https:\/\/mesnica.gospodarstvo-ferbezar.com\/de\/wp-json\/wp\/v2\/users\/1"}],"replies":[{"embeddable":true,"href":"https:\/\/mesnica.gospodarstvo-ferbezar.com\/de\/wp-json\/wp\/v2\/comments?post=28625"}],"version-history":[{"count":5,"href":"https:\/\/mesnica.gospodarstvo-ferbezar.com\/de\/wp-json\/wp\/v2\/pages\/28625\/revisions"}],"predecessor-version":[{"id":28635,"href":"https:\/\/mesnica.gospodarstvo-ferbezar.com\/de\/wp-json\/wp\/v2\/pages\/28625\/revisions\/28635"}],"wp:attachment":[{"href":"https:\/\/mesnica.gospodarstvo-ferbezar.com\/de\/wp-json\/wp\/v2\/media?parent=28625"}],"curies":[{"name":"wp","href":"https:\/\/api.w.org\/{rel}","templated":true}]}}